{"id":7828,"date":"2023-03-19T16:32:54","date_gmt":"2023-03-19T15:32:54","guid":{"rendered":"https:\/\/www.flentrop.nl\/contact\/"},"modified":"2025-10-20T12:30:57","modified_gmt":"2025-10-20T10:30:57","slug":"contact","status":"publish","type":"page","link":"https:\/\/www.flentrop.nl\/de\/contact\/","title":{"rendered":"Kontakt"},"content":{"rendered":"\t\t<div data-elementor-type=\"wp-page\" data-elementor-id=\"7828\" class=\"elementor elementor-7828 elementor-1631\" data-elementor-post-type=\"page\">\n\t\t\t\t<div class=\"elementor-element elementor-element-ac3c952 e-flex e-con-boxed e-con e-parent\" data-id=\"ac3c952\" data-element_type=\"container\" data-e-type=\"container\" data-settings=\"{&quot;jet_parallax_layout_list&quot;:[]}\">\n\t\t\t\t\t<div class=\"e-con-inner\">\n\t\t<div class=\"elementor-element elementor-element-61a08fd e-con-full e-flex e-con e-child\" data-id=\"61a08fd\" data-element_type=\"container\" data-e-type=\"container\" data-settings=\"{&quot;jet_parallax_layout_list&quot;:[]}\">\n\t\t\t\t<div class=\"elementor-element elementor-element-de95df3 elementor-widget elementor-widget-heading\" data-id=\"de95df3\" data-element_type=\"widget\" data-e-type=\"widget\" data-widget_type=\"heading.default\">\n\t\t\t\t<div class=\"elementor-widget-container\">\n\t\t\t\t\t<h1 class=\"elementor-heading-title elementor-size-default\">Kontakt<\/h1>\t\t\t\t<\/div>\n\t\t\t\t<\/div>\n\t\t\t\t<\/div>\n\t\t\t\t\t<\/div>\n\t\t\t\t<\/div>\n\t\t<div class=\"elementor-element elementor-element-bfd15ec e-flex e-con-boxed e-con e-parent\" data-id=\"bfd15ec\" data-element_type=\"container\" data-e-type=\"container\" data-settings=\"{&quot;jet_parallax_layout_list&quot;:[]}\">\n\t\t\t\t\t<div class=\"e-con-inner\">\n\t\t<div class=\"elementor-element elementor-element-8f09dc9 e-con-full e-flex e-con e-child\" data-id=\"8f09dc9\" data-element_type=\"container\" data-e-type=\"container\" data-settings=\"{&quot;jet_parallax_layout_list&quot;:[]}\">\n\t\t\t\t<div class=\"elementor-element elementor-element-6743843 elementor-widget elementor-widget-text-editor\" data-id=\"6743843\" data-element_type=\"widget\" data-e-type=\"widget\" data-widget_type=\"text-editor.default\">\n\t\t\t\t<div class=\"elementor-widget-container\">\n\t\t\t\t\t\t\t\t\t<p><strong>Flentrop Orgelbau<\/strong><br \/>Westzijde 57<br \/>1506 EC ZAANDAM<br \/>Die Niederlande<\/p><p><strong>Telefon<\/strong><br \/>+<a href=\"tel:0031756168651\" target=\"_blank\" rel=\"noopener\">31 &#8211; 75 &#8211; 61 68 651<\/a><\/p>\t\t\t\t\t\t\t\t<\/div>\n\t\t\t\t<\/div>\n\t\t\t\t<\/div>\n\t\t<div class=\"elementor-element elementor-element-04f61fb e-con-full e-flex e-con e-child\" data-id=\"04f61fb\" data-element_type=\"container\" data-e-type=\"container\" data-settings=\"{&quot;jet_parallax_layout_list&quot;:[]}\">\n\t\t\t\t<div class=\"elementor-element elementor-element-755a481 elementor-widget elementor-widget-text-editor\" data-id=\"755a481\" data-element_type=\"widget\" data-e-type=\"widget\" data-widget_type=\"text-editor.default\">\n\t\t\t\t<div class=\"elementor-widget-container\">\n\t\t\t\t\t\t\t\t\t<p><strong>E-mail<\/strong><br \/><a href=\"mailto:info@flentrop.nl\">info@flentrop.nl<\/a><\/p><p><strong>Handelskammer<\/strong><br \/>35000768 0000<\/p><p><strong>Youtube-Videokanal<\/strong><br \/><a href=\"https:\/\/www.youtube.com\/channel\/UCEQ6jVfrReKG8qVp_HBYvFA\/featured\" target=\"_blank\" rel=\"noopener\">Folgen Sie uns auf YouTube<\/a><\/p>\t\t\t\t\t\t\t\t<\/div>\n\t\t\t\t<\/div>\n\t\t\t\t<\/div>\n\t\t<div class=\"elementor-element elementor-element-909e0e0 e-con-full e-flex e-con e-child\" data-id=\"909e0e0\" data-element_type=\"container\" data-e-type=\"container\" data-settings=\"{&quot;jet_parallax_layout_list&quot;:[]}\">\n\t\t\t\t<div class=\"elementor-element elementor-element-8b3ac29 elementor-widget elementor-widget-image\" data-id=\"8b3ac29\" data-element_type=\"widget\" data-e-type=\"widget\" data-widget_type=\"image.default\">\n\t\t\t\t<div class=\"elementor-widget-container\">\n\t\t\t\t\t\t\t\t\t\t\t\t\t\t\t<img decoding=\"async\" width=\"260\" height=\"190\" src=\"https:\/\/www.flentrop.nl\/wp-content\/uploads\/flentrop-gebouw-logo2.jpg\" class=\"attachment-large size-large wp-image-7829\" alt=\"\" srcset=\"https:\/\/www.flentrop.nl\/wp-content\/uploads\/flentrop-gebouw-logo2.jpg 260w, https:\/\/www.flentrop.nl\/wp-content\/uploads\/flentrop-gebouw-logo2-150x110.jpg 150w\" sizes=\"(max-width: 260px) 100vw, 260px\" \/>\t\t\t\t\t\t\t\t\t\t\t\t\t\t\t<\/div>\n\t\t\t\t<\/div>\n\t\t\t\t<\/div>\n\t\t\t\t\t<\/div>\n\t\t\t\t<\/div>\n\t\t<div class=\"elementor-element elementor-element-cbc464c e-flex e-con-boxed e-con e-parent\" data-id=\"cbc464c\" data-element_type=\"container\" data-e-type=\"container\" data-settings=\"{&quot;jet_parallax_layout_list&quot;:[]}\">\n\t\t\t\t\t<div class=\"e-con-inner\">\n\t\t<div class=\"elementor-element elementor-element-ba7b94e e-con-full e-flex e-con e-child\" data-id=\"ba7b94e\" data-element_type=\"container\" data-e-type=\"container\" data-settings=\"{&quot;jet_parallax_layout_list&quot;:[]}\">\n\t\t\t\t<div class=\"elementor-element elementor-element-9a440b4 elementor-widget-divider--view-line elementor-widget elementor-widget-divider\" data-id=\"9a440b4\" data-element_type=\"widget\" data-e-type=\"widget\" data-widget_type=\"divider.default\">\n\t\t\t\t<div class=\"elementor-widget-container\">\n\t\t\t\t\t\t\t<div class=\"elementor-divider\">\n\t\t\t<span class=\"elementor-divider-separator\">\n\t\t\t\t\t\t<\/span>\n\t\t<\/div>\n\t\t\t\t\t\t<\/div>\n\t\t\t\t<\/div>\n\t\t\t\t<\/div>\n\t\t\t\t\t<\/div>\n\t\t\t\t<\/div>\n\t\t<div class=\"elementor-element elementor-element-721dff3 e-flex e-con-boxed e-con e-parent\" data-id=\"721dff3\" data-element_type=\"container\" data-e-type=\"container\" data-settings=\"{&quot;jet_parallax_layout_list&quot;:[]}\">\n\t\t\t\t\t<div class=\"e-con-inner\">\n\t\t<div class=\"elementor-element elementor-element-841956e e-con-full e-flex e-con e-child\" data-id=\"841956e\" data-element_type=\"container\" data-e-type=\"container\" data-settings=\"{&quot;jet_parallax_layout_list&quot;:[]}\">\n\t\t\t\t<div class=\"elementor-element elementor-element-6f7bac4 elementor-widget elementor-widget-text-editor\" data-id=\"6f7bac4\" data-element_type=\"widget\" data-e-type=\"widget\" data-widget_type=\"text-editor.default\">\n\t\t\t\t<div class=\"elementor-widget-container\">\n\t\t\t\t\t\t\t\t\t<h1>B\u00fcro in Zaandam<\/h1><p>Parken ist auf unserem Gel\u00e4nde auf der R\u00fcckseite neben der Rohrfabrik m\u00f6glich.<\/p><p>TomTom-Adresse: Behouden Haven 7.<br \/>Sie gelangen dann zur R\u00fcckseite unseres Geb\u00e4udes, zum geb\u00fchrenpflichtigen Parkplatz (beim Dirk van de Broek). Hinten links gelangen Sie durch das Tor hindurch zu unserem hauseigenen Parkplatz.<\/p>\t\t\t\t\t\t\t\t<\/div>\n\t\t\t\t<\/div>\n\t\t\t\t<\/div>\n\t\t<div class=\"elementor-element elementor-element-7837e52 e-con-full e-flex e-con e-child\" data-id=\"7837e52\" data-element_type=\"container\" data-e-type=\"container\" data-settings=\"{&quot;jet_parallax_layout_list&quot;:[]}\">\n\t\t\t\t<div class=\"elementor-element elementor-element-b0bcd2c elementor-widget elementor-widget-google_maps\" data-id=\"b0bcd2c\" data-element_type=\"widget\" data-e-type=\"widget\" data-widget_type=\"google_maps.default\">\n\t\t\t\t<div class=\"elementor-widget-container\">\n\t\t\t\t\t\t\t<div class=\"elementor-custom-embed\">\n\t\t\t<iframe loading=\"lazy\"\n\t\t\t\t\tsrc=\"https:\/\/maps.google.com\/maps?q=Flentrop%20Westzijde%2057%201506%20EC%20Zaandam&#038;t=m&#038;z=10&#038;output=embed&#038;iwloc=near\"\n\t\t\t\t\ttitle=\"Flentrop Westzijde 57 1506 EC Zaandam\"\n\t\t\t\t\taria-label=\"Flentrop Westzijde 57 1506 EC Zaandam\"\n\t\t\t><\/iframe>\n\t\t<\/div>\n\t\t\t\t\t\t<\/div>\n\t\t\t\t<\/div>\n\t\t\t\t<\/div>\n\t\t\t\t\t<\/div>\n\t\t\t\t<\/div>\n\t\t<div class=\"elementor-element elementor-element-466d0ab e-flex e-con-boxed e-con e-parent\" data-id=\"466d0ab\" data-element_type=\"container\" data-e-type=\"container\" data-settings=\"{&quot;jet_parallax_layout_list&quot;:[]}\">\n\t\t\t\t\t<div class=\"e-con-inner\">\n\t\t<div class=\"elementor-element elementor-element-f7ac69d e-con-full e-flex e-con e-child\" data-id=\"f7ac69d\" data-element_type=\"container\" data-e-type=\"container\" data-settings=\"{&quot;jet_parallax_layout_list&quot;:[]}\">\n\t\t\t\t<div class=\"elementor-element elementor-element-951e38d elementor-widget elementor-widget-text-editor\" data-id=\"951e38d\" data-element_type=\"widget\" data-e-type=\"widget\" data-widget_type=\"text-editor.default\">\n\t\t\t\t<div class=\"elementor-widget-container\">\n\t\t\t\t\t\t\t\t\t<h1>Koog-Werkstatt<\/h1>\t\t\t\t\t\t\t\t<\/div>\n\t\t\t\t<\/div>\n\t\t\t\t<div class=\"elementor-element elementor-element-1812f3e elementor-widget elementor-widget-google_maps\" data-id=\"1812f3e\" data-element_type=\"widget\" data-e-type=\"widget\" data-widget_type=\"google_maps.default\">\n\t\t\t\t<div class=\"elementor-widget-container\">\n\t\t\t\t\t\t\t<div class=\"elementor-custom-embed\">\n\t\t\t<iframe loading=\"lazy\"\n\t\t\t\t\tsrc=\"https:\/\/maps.google.com\/maps?q=Parallelweg%2010%2C%201541%20BA%20Koog%20aan%20de%20Zaan&#038;t=m&#038;z=15&#038;output=embed&#038;iwloc=near\"\n\t\t\t\t\ttitle=\"Parallelweg 10, 1541 BA Koog aan de Zaan\"\n\t\t\t\t\taria-label=\"Parallelweg 10, 1541 BA Koog aan de Zaan\"\n\t\t\t><\/iframe>\n\t\t<\/div>\n\t\t\t\t\t\t<\/div>\n\t\t\t\t<\/div>\n\t\t\t\t<\/div>\n\t\t\t\t\t<\/div>\n\t\t\t\t<\/div>\n\t\t\t\t<\/div>\n\t\t","protected":false},"excerpt":{"rendered":"<p>Kontaktinformationen<\/p>\n","protected":false},"author":2,"featured_media":5250,"parent":0,"menu_order":0,"comment_status":"closed","ping_status":"closed","template":"","meta":{"footnotes":""},"class_list":["post-7828","page","type-page","status-publish","has-post-thumbnail","hentry"],"yoast_head":"<!-- This site is optimized with the Yoast SEO plugin v27.5 - https:\/\/yoast.com\/product\/yoast-seo-wordpress\/ -->\n<title>Kontakt - Flentrop Orgelbouw<\/title>\n<meta name=\"robots\" content=\"index, follow, max-snippet:-1, max-image-preview:large, max-video-preview:-1\" \/>\n<link rel=\"canonical\" href=\"https:\/\/www.flentrop.nl\/de\/contact\/\" \/>\n<meta property=\"og:locale\" content=\"de_DE\" \/>\n<meta property=\"og:type\" content=\"article\" \/>\n<meta property=\"og:title\" content=\"Kontakt - Flentrop Orgelbouw\" \/>\n<meta property=\"og:description\" content=\"Kontaktinformationen\" \/>\n<meta property=\"og:url\" content=\"https:\/\/www.flentrop.nl\/de\/contact\/\" \/>\n<meta property=\"og:site_name\" content=\"Flentrop Orgelbouw\" \/>\n<meta property=\"article:modified_time\" content=\"2025-10-20T10:30:57+00:00\" \/>\n<meta property=\"og:image\" content=\"https:\/\/www.flentrop.nl\/wp-content\/uploads\/2023\/09\/flentrop-orgelbouw-orgelpijpen-stemmen.jpg\" \/>\n\t<meta property=\"og:image:width\" content=\"1600\" \/>\n\t<meta property=\"og:image:height\" content=\"600\" \/>\n\t<meta property=\"og:image:type\" content=\"image\/jpeg\" \/>\n<meta name=\"twitter:card\" content=\"summary_large_image\" \/>\n<meta name=\"twitter:label1\" content=\"Gesch\u00e4tzte Lesezeit\" \/>\n\t<meta name=\"twitter:data1\" content=\"1\u00a0Minute\" \/>\n<script type=\"application\/ld+json\" class=\"yoast-schema-graph\">{\"@context\":\"https:\\\/\\\/schema.org\",\"@graph\":[{\"@type\":\"WebPage\",\"@id\":\"https:\\\/\\\/www.flentrop.nl\\\/de\\\/contact\\\/\",\"url\":\"https:\\\/\\\/www.flentrop.nl\\\/de\\\/contact\\\/\",\"name\":\"Kontakt - Flentrop Orgelbouw\",\"isPartOf\":{\"@id\":\"https:\\\/\\\/www.flentrop.nl\\\/de\\\/#website\"},\"primaryImageOfPage\":{\"@id\":\"https:\\\/\\\/www.flentrop.nl\\\/de\\\/contact\\\/#primaryimage\"},\"image\":{\"@id\":\"https:\\\/\\\/www.flentrop.nl\\\/de\\\/contact\\\/#primaryimage\"},\"thumbnailUrl\":\"https:\\\/\\\/www.flentrop.nl\\\/wp-content\\\/uploads\\\/2023\\\/09\\\/flentrop-orgelbouw-orgelpijpen-stemmen.jpg\",\"datePublished\":\"2023-03-19T15:32:54+00:00\",\"dateModified\":\"2025-10-20T10:30:57+00:00\",\"breadcrumb\":{\"@id\":\"https:\\\/\\\/www.flentrop.nl\\\/de\\\/contact\\\/#breadcrumb\"},\"inLanguage\":\"de\",\"potentialAction\":[{\"@type\":\"ReadAction\",\"target\":[\"https:\\\/\\\/www.flentrop.nl\\\/de\\\/contact\\\/\"]}]},{\"@type\":\"ImageObject\",\"inLanguage\":\"de\",\"@id\":\"https:\\\/\\\/www.flentrop.nl\\\/de\\\/contact\\\/#primaryimage\",\"url\":\"https:\\\/\\\/www.flentrop.nl\\\/wp-content\\\/uploads\\\/2023\\\/09\\\/flentrop-orgelbouw-orgelpijpen-stemmen.jpg\",\"contentUrl\":\"https:\\\/\\\/www.flentrop.nl\\\/wp-content\\\/uploads\\\/2023\\\/09\\\/flentrop-orgelbouw-orgelpijpen-stemmen.jpg\",\"width\":1600,\"height\":600},{\"@type\":\"BreadcrumbList\",\"@id\":\"https:\\\/\\\/www.flentrop.nl\\\/de\\\/contact\\\/#breadcrumb\",\"itemListElement\":[{\"@type\":\"ListItem\",\"position\":1,\"name\":\"Home\",\"item\":\"https:\\\/\\\/www.flentrop.nl\\\/de\\\/\"},{\"@type\":\"ListItem\",\"position\":2,\"name\":\"Kontakt\"}]},{\"@type\":\"WebSite\",\"@id\":\"https:\\\/\\\/www.flentrop.nl\\\/de\\\/#website\",\"url\":\"https:\\\/\\\/www.flentrop.nl\\\/de\\\/\",\"name\":\"Flentrop Orgelbouw\",\"description\":\"Flentrop Orgelbouw\",\"publisher\":{\"@id\":\"https:\\\/\\\/www.flentrop.nl\\\/de\\\/#organization\"},\"potentialAction\":[{\"@type\":\"SearchAction\",\"target\":{\"@type\":\"EntryPoint\",\"urlTemplate\":\"https:\\\/\\\/www.flentrop.nl\\\/de\\\/?s={search_term_string}\"},\"query-input\":{\"@type\":\"PropertyValueSpecification\",\"valueRequired\":true,\"valueName\":\"search_term_string\"}}],\"inLanguage\":\"de\"},{\"@type\":\"Organization\",\"@id\":\"https:\\\/\\\/www.flentrop.nl\\\/de\\\/#organization\",\"name\":\"Flentrop Orgelbouw\",\"url\":\"https:\\\/\\\/www.flentrop.nl\\\/de\\\/\",\"logo\":{\"@type\":\"ImageObject\",\"inLanguage\":\"de\",\"@id\":\"https:\\\/\\\/www.flentrop.nl\\\/de\\\/#\\\/schema\\\/logo\\\/image\\\/\",\"url\":\"https:\\\/\\\/www.flentrop.nl\\\/wp-content\\\/uploads\\\/2022\\\/07\\\/flentroplogo-dark.png\",\"contentUrl\":\"https:\\\/\\\/www.flentrop.nl\\\/wp-content\\\/uploads\\\/2022\\\/07\\\/flentroplogo-dark.png\",\"width\":114,\"height\":184,\"caption\":\"Flentrop Orgelbouw\"},\"image\":{\"@id\":\"https:\\\/\\\/www.flentrop.nl\\\/de\\\/#\\\/schema\\\/logo\\\/image\\\/\"}}]}<\/script>\n<!-- \/ Yoast SEO plugin. -->","yoast_head_json":{"title":"Kontakt - Flentrop Orgelbouw","robots":{"index":"index","follow":"follow","max-snippet":"max-snippet:-1","max-image-preview":"max-image-preview:large","max-video-preview":"max-video-preview:-1"},"canonical":"https:\/\/www.flentrop.nl\/de\/contact\/","og_locale":"de_DE","og_type":"article","og_title":"Kontakt - Flentrop Orgelbouw","og_description":"Kontaktinformationen","og_url":"https:\/\/www.flentrop.nl\/de\/contact\/","og_site_name":"Flentrop Orgelbouw","article_modified_time":"2025-10-20T10:30:57+00:00","og_image":[{"width":1600,"height":600,"url":"https:\/\/www.flentrop.nl\/wp-content\/uploads\/2023\/09\/flentrop-orgelbouw-orgelpijpen-stemmen.jpg","type":"image\/jpeg"}],"twitter_card":"summary_large_image","twitter_misc":{"Gesch\u00e4tzte Lesezeit":"1\u00a0Minute"},"schema":{"@context":"https:\/\/schema.org","@graph":[{"@type":"WebPage","@id":"https:\/\/www.flentrop.nl\/de\/contact\/","url":"https:\/\/www.flentrop.nl\/de\/contact\/","name":"Kontakt - Flentrop Orgelbouw","isPartOf":{"@id":"https:\/\/www.flentrop.nl\/de\/#website"},"primaryImageOfPage":{"@id":"https:\/\/www.flentrop.nl\/de\/contact\/#primaryimage"},"image":{"@id":"https:\/\/www.flentrop.nl\/de\/contact\/#primaryimage"},"thumbnailUrl":"https:\/\/www.flentrop.nl\/wp-content\/uploads\/2023\/09\/flentrop-orgelbouw-orgelpijpen-stemmen.jpg","datePublished":"2023-03-19T15:32:54+00:00","dateModified":"2025-10-20T10:30:57+00:00","breadcrumb":{"@id":"https:\/\/www.flentrop.nl\/de\/contact\/#breadcrumb"},"inLanguage":"de","potentialAction":[{"@type":"ReadAction","target":["https:\/\/www.flentrop.nl\/de\/contact\/"]}]},{"@type":"ImageObject","inLanguage":"de","@id":"https:\/\/www.flentrop.nl\/de\/contact\/#primaryimage","url":"https:\/\/www.flentrop.nl\/wp-content\/uploads\/2023\/09\/flentrop-orgelbouw-orgelpijpen-stemmen.jpg","contentUrl":"https:\/\/www.flentrop.nl\/wp-content\/uploads\/2023\/09\/flentrop-orgelbouw-orgelpijpen-stemmen.jpg","width":1600,"height":600},{"@type":"BreadcrumbList","@id":"https:\/\/www.flentrop.nl\/de\/contact\/#breadcrumb","itemListElement":[{"@type":"ListItem","position":1,"name":"Home","item":"https:\/\/www.flentrop.nl\/de\/"},{"@type":"ListItem","position":2,"name":"Kontakt"}]},{"@type":"WebSite","@id":"https:\/\/www.flentrop.nl\/de\/#website","url":"https:\/\/www.flentrop.nl\/de\/","name":"Flentrop Orgelbouw","description":"Flentrop Orgelbouw","publisher":{"@id":"https:\/\/www.flentrop.nl\/de\/#organization"},"potentialAction":[{"@type":"SearchAction","target":{"@type":"EntryPoint","urlTemplate":"https:\/\/www.flentrop.nl\/de\/?s={search_term_string}"},"query-input":{"@type":"PropertyValueSpecification","valueRequired":true,"valueName":"search_term_string"}}],"inLanguage":"de"},{"@type":"Organization","@id":"https:\/\/www.flentrop.nl\/de\/#organization","name":"Flentrop Orgelbouw","url":"https:\/\/www.flentrop.nl\/de\/","logo":{"@type":"ImageObject","inLanguage":"de","@id":"https:\/\/www.flentrop.nl\/de\/#\/schema\/logo\/image\/","url":"https:\/\/www.flentrop.nl\/wp-content\/uploads\/2022\/07\/flentroplogo-dark.png","contentUrl":"https:\/\/www.flentrop.nl\/wp-content\/uploads\/2022\/07\/flentroplogo-dark.png","width":114,"height":184,"caption":"Flentrop Orgelbouw"},"image":{"@id":"https:\/\/www.flentrop.nl\/de\/#\/schema\/logo\/image\/"}}]}},"_links":{"self":[{"href":"https:\/\/www.flentrop.nl\/de\/wp-json\/wp\/v2\/pages\/7828","targetHints":{"allow":["GET"]}}],"collection":[{"href":"https:\/\/www.flentrop.nl\/de\/wp-json\/wp\/v2\/pages"}],"about":[{"href":"https:\/\/www.flentrop.nl\/de\/wp-json\/wp\/v2\/types\/page"}],"author":[{"embeddable":true,"href":"https:\/\/www.flentrop.nl\/de\/wp-json\/wp\/v2\/users\/2"}],"replies":[{"embeddable":true,"href":"https:\/\/www.flentrop.nl\/de\/wp-json\/wp\/v2\/comments?post=7828"}],"version-history":[{"count":9,"href":"https:\/\/www.flentrop.nl\/de\/wp-json\/wp\/v2\/pages\/7828\/revisions"}],"predecessor-version":[{"id":13332,"href":"https:\/\/www.flentrop.nl\/de\/wp-json\/wp\/v2\/pages\/7828\/revisions\/13332"}],"wp:featuredmedia":[{"embeddable":true,"href":"https:\/\/www.flentrop.nl\/de\/wp-json\/wp\/v2\/media\/5250"}],"wp:attachment":[{"href":"https:\/\/www.flentrop.nl\/de\/wp-json\/wp\/v2\/media?parent=7828"}],"curies":[{"name":"wp","href":"https:\/\/api.w.org\/{rel}","templated":true}]}}